{"id":1732,"date":"2024-07-25T16:25:14","date_gmt":"2024-07-25T14:25:14","guid":{"rendered":"https:\/\/www.les-congeres.com\/unsere-dienstleistungen\/"},"modified":"2026-04-27T09:51:10","modified_gmt":"2026-04-27T07:51:10","slug":"unsere-dienstleistungen","status":"publish","type":"page","link":"https:\/\/www.les-congeres.com\/de\/unsere-dienstleistungen\/","title":{"rendered":"Dienste"},"content":{"rendered":"<div class=\"diaporama-header align-full\"><div class=\"fc-galerie\"><figure class=\"fc-galerie__item\" ><picture><source srcset=\"https:\/\/www.les-congeres.com\/wp-content\/uploads\/2024\/07\/facade-nord-avec-flou-et-montagne-420x231.jpg\" media=\"(max-width: 210px)\"><source srcset=\"https:\/\/www.les-congeres.com\/wp-content\/uploads\/2024\/07\/facade-nord-avec-flou-et-montagne-768x422.jpg\" media=\"(max-width: 421px)\"><source srcset=\"https:\/\/www.les-congeres.com\/wp-content\/uploads\/2024\/07\/facade-nord-avec-flou-et-montagne-1024x562.jpg\" media=\"(max-width: 1024px)\"><source srcset=\"https:\/\/www.les-congeres.com\/wp-content\/uploads\/2024\/07\/facade-nord-avec-flou-et-montagne.jpg\" media=\"(min-width: 1025px)\"><img loading=\"lazy\" decoding=\"async\" width=\"420\" height=\"210\" src=\"https:\/\/www.les-congeres.com\/wp-content\/uploads\/2024\/07\/facade-nord-avec-flou-et-montagne-210x210.jpg\" alt=\"Les Cong\u00e8res \"><\/picture><\/figure><\/div><div class=\"diaporama-header__inner\"><div class=\"columns\"><div class=\"columns__item\"><h1>Unsere Dienstleistungen f\u00fcr Ihren<br><span class=\"fc-span\">Aufenthalt in Les Cong\u00e8res<\/span><\/h1><\/div><div class=\"columns__item\"><div class=\"fc-galerie\"><figure class=\"fc-galerie__item\" ><picture><source srcset=\"https:\/\/www.les-congeres.com\/wp-content\/uploads\/2024\/08\/grand-bornand-1.png\" media=\"(max-width: 210px)\"><source srcset=\"https:\/\/www.les-congeres.com\/wp-content\/uploads\/2024\/08\/grand-bornand-1.png\" media=\"(max-width: 421px)\"><source srcset=\"https:\/\/www.les-congeres.com\/wp-content\/uploads\/2024\/08\/grand-bornand-1.png\" media=\"(max-width: 1024px)\"><source srcset=\"https:\/\/www.les-congeres.com\/wp-content\/uploads\/2024\/08\/grand-bornand-1.png\" media=\"(min-width: 1025px)\"><img decoding=\"async\" width=\"420\" height=\"210\" src=\"https:\/\/www.les-congeres.com\/wp-content\/uploads\/2024\/08\/grand-bornand-1-210x179.png\" alt=\"Les Cong\u00e8res \" loading=\"lazy\"><\/picture><\/figure><figure class=\"fc-galerie__item\" ><picture><source srcset=\"https:\/\/www.les-congeres.com\/wp-content\/uploads\/2024\/08\/img-sommaire-352-855-1021-cutout-1-420x96.png\" media=\"(max-width: 210px)\"><source srcset=\"https:\/\/www.les-congeres.com\/wp-content\/uploads\/2024\/08\/img-sommaire-352-855-1021-cutout-1.png\" media=\"(max-width: 421px)\"><source srcset=\"https:\/\/www.les-congeres.com\/wp-content\/uploads\/2024\/08\/img-sommaire-352-855-1021-cutout-1.png\" media=\"(max-width: 1024px)\"><source srcset=\"https:\/\/www.les-congeres.com\/wp-content\/uploads\/2024\/08\/img-sommaire-352-855-1021-cutout-1.png\" media=\"(min-width: 1025px)\"><img decoding=\"async\" width=\"420\" height=\"210\" src=\"https:\/\/www.les-congeres.com\/wp-content\/uploads\/2024\/08\/img-sommaire-352-855-1021-cutout-1-210x119.png\" alt=\"Les Cong\u00e8res \" loading=\"lazy\"><\/picture><\/figure><\/div><\/div><\/div><\/div><\/div>\n\n<div class=\"columns sec-35\" style=\"align-items:center;\"><div class=\"columns__item sec-35__texte fade-up\" style=\"align-self:center;\"><h2>Unsere Dienstleistungen<\/h2><p    >Unsere hochwertigen Chalets und Appartements bieten Ihnen ein unvergleichliches Luxuserlebnis.\nGenie\u00dfen Sie eine au\u00dfergew\u00f6hnliche Umgebung, in der jedes Detail durchdacht wurde, um Ihnen einen unvergesslichen Aufenthalt zu bieten. <\/p><ul    >\n<li>Kostenloses Wi-Fi<\/li>\n\n<li>Vorbereitete Bettw\u00e4sche und Handt\u00fccher (f\u00fcr Chalets und Wohnungen mit 6\/8 Personen)<\/li>\n\n<li>K\u00fcchent\u00fccher, Schw\u00e4mme, Haushaltsprodukte<\/li>\n\n<li>Parkplatz<\/li>\n\n<li>Brennholz f\u00fcr den Kaminofen inklusive<\/li>\n\n<li>Haustiere erlaubt (nach Genehmigung)<\/li>\n\n<li>Kostenlose Nutzung unserer Waschk\u00fcche: Waschmaschine und Trockner<\/li>\n\n<li>Wir sind au\u00dferdem mit dem Label \u201e<a href=\"https:\/\/www.les-congeres.com\/de\/labeling-quot-velo-quot-aux-congeres\/\" data-type=\"link\" data-id=\"https:\/\/www.les-congeres.com\/de\/labeling-quot-velo-quot-aux-congeres\/\">Accueil v\u00e9lo<\/a>\u201c ausgezeichnet<\/li>\n<\/ul><p class=\"encart--info\" style=\"\"  >Auf Ihren Anruf hin beraten wir Sie und beantworten alle Ihre Anfragen an 7 Tagen in der Woche.<\/p><\/div><div class=\"columns__item fade-down\" style=\"align-self:center;\"><figure><picture><source srcset=\"https:\/\/www.les-congeres.com\/wp-content\/uploads\/2024\/07\/sejour-salon-nougat2-420x231.jpg\" media=\"(max-width: 210px)\"><source srcset=\"https:\/\/www.les-congeres.com\/wp-content\/uploads\/2024\/07\/sejour-salon-nougat2-768x422.jpg\" media=\"(max-width: 421px)\"><source srcset=\"https:\/\/www.les-congeres.com\/wp-content\/uploads\/2024\/07\/sejour-salon-nougat2-1024x562.jpg\" media=\"(max-width: 1024px)\"><source srcset=\"https:\/\/www.les-congeres.com\/wp-content\/uploads\/2024\/07\/sejour-salon-nougat2.jpg\" media=\"(min-width: 1025px)\"><img decoding=\"async\" width=\"420\" height=\"210\" src=\"https:\/\/www.les-congeres.com\/wp-content\/uploads\/2024\/07\/sejour-salon-nougat2-210x210.jpg\" alt=\"Les Cong\u00e8res \" loading=\"lazy\"><\/picture><\/figure><\/div><\/div>\n\n<div class=\"columns sec-10 reverse-mob has-bleu-clair-background-color has-background align-full\" style=\"align-items:center;background-color:var(--bleu-clair);\"><div class=\"columns__item sec-10--gal\" style=\"align-self:center;\" data-fc=\"\"><div class=\"fc-galerie\"><figure class=\"fc-galerie__item parallax-down\" ><picture><source srcset=\"https:\/\/www.les-congeres.com\/wp-content\/uploads\/2024\/08\/AdobeStock_526108375-420x280.jpeg\" media=\"(max-width: 210px)\"><source srcset=\"https:\/\/www.les-congeres.com\/wp-content\/uploads\/2024\/08\/AdobeStock_526108375-768x512.jpeg\" media=\"(max-width: 421px)\"><source srcset=\"https:\/\/www.les-congeres.com\/wp-content\/uploads\/2024\/08\/AdobeStock_526108375-1024x683.jpeg\" media=\"(max-width: 1024px)\"><source srcset=\"https:\/\/www.les-congeres.com\/wp-content\/uploads\/2024\/08\/AdobeStock_526108375.jpeg\" media=\"(min-width: 1025px)\"><img decoding=\"async\" width=\"420\" height=\"210\" src=\"https:\/\/www.les-congeres.com\/wp-content\/uploads\/2024\/08\/AdobeStock_526108375-210x210.jpeg\" alt=\"Les Cong\u00e8res Self-service laundry for the public with bedding and staff on a white bench and professional washing machines in the background. Front view. Horizontal composition.\" loading=\"lazy\"><\/picture><\/figure><figure class=\"fc-galerie__item parallax-up\" ><picture><source srcset=\"https:\/\/www.les-congeres.com\/wp-content\/uploads\/2024\/08\/AdobeStock_51506546-420x280.jpeg\" media=\"(max-width: 210px)\"><source srcset=\"https:\/\/www.les-congeres.com\/wp-content\/uploads\/2024\/08\/AdobeStock_51506546-768x512.jpeg\" media=\"(max-width: 421px)\"><source srcset=\"https:\/\/www.les-congeres.com\/wp-content\/uploads\/2024\/08\/AdobeStock_51506546-1024x683.jpeg\" media=\"(max-width: 1024px)\"><source srcset=\"https:\/\/www.les-congeres.com\/wp-content\/uploads\/2024\/08\/AdobeStock_51506546.jpeg\" media=\"(min-width: 1025px)\"><img decoding=\"async\" width=\"420\" height=\"210\" src=\"https:\/\/www.les-congeres.com\/wp-content\/uploads\/2024\/08\/AdobeStock_51506546-210x210.jpeg\" alt=\"Les Cong\u00e8res \" loading=\"lazy\"><\/picture><\/figure><\/div><\/div><div class=\"columns__item\" style=\"align-self:center;\"><h2 class=\"h3\">Unser Empfang &amp; ma\u00dfgeschneiderte Bereitstellung<\/h2><p    >Um Ihnen einen ma\u00dfgeschneiderten Urlaub zu garantieren, stehen wir Ihnen w\u00e4hrend Ihres gesamten Aufenthalts zur Verf\u00fcgung, um Ihre W\u00fcnsche zu erf\u00fcllen.<\/p><ul    >\n<li>Babysitting und Kinderbetreuung<\/li>\n\n<li>Verleih von Babybetten und -st\u00fchlen<\/li>\n\n<li>Vorzugspreise f\u00fcr Skiverleih und individuelle Schlie\u00dff\u00e4cher<\/li>\n\n<li>Massage zu Hause<\/li>\n\n<li>Koch zu Hause \/ Catering<\/li>\n\n<li>Verleih von Raclette- und Fondueger\u00e4ten, Schlitten, Spielen, B\u00fcchern, BDs und DVDs<\/li>\n\n<li>Lieferung Ihrer im Drive-In bestellten Eink\u00e4ufe<\/li>\n<\/ul><p    ><strong>Optionale Dienstleistungen<\/strong><\/p><ul    >\n<li>Premium-Paket (f\u00fcr die Wohnungen 4, 5 und 5\/7 Personen): gemachte Betten bei der Ankunft, Bettw\u00e4sche (Handt\u00fccher und Geschirrt\u00fccher) und Endreinigung: \u20ac 114 f\u00fcr Paare und \u20ac 194 f\u00fcr Familien.<\/li>\n\n<li>Panier du terroir: einschlie\u00dflich lokaler Produkte, verzehrfertig oder zum Mitnehmen: 49 \u20ac\/Korb<\/li>\n<\/ul><\/div><\/div>\n\n<div class=\"fc-cover align-full\" style=\"background-position-x:52%;background-position-y:93%;\"><span style=\"filter: opacity(50%); background-color:var(--#a7a4a4);\"><\/span><picture class=\"fc-cover__img \"><source srcset=\"https:\/\/www.les-congeres.com\/wp-content\/uploads\/2024\/07\/hiver-2021-420x231.jpg\" media=\"(max-width: 210px)\"><source srcset=\"https:\/\/www.les-congeres.com\/wp-content\/uploads\/2024\/07\/hiver-2021-768x422.jpg\" media=\"(max-width: 421px)\"><source srcset=\"https:\/\/www.les-congeres.com\/wp-content\/uploads\/2024\/07\/hiver-2021-1024x562.jpg\" media=\"(max-width: 1024px)\"><source srcset=\"https:\/\/www.les-congeres.com\/wp-content\/uploads\/2024\/07\/hiver-2021.jpg\" media=\"(min-width: 1025px)\"><img decoding=\"async\" width=\"420\" height=\"210\" src=\"https:\/\/www.les-congeres.com\/wp-content\/uploads\/2024\/07\/hiver-2021-210x210.jpg\" alt=\"Les Cong\u00e8res \" loading=\"lazy\"><\/picture><div class=\"fc-cover__inner\" style=\"\"><p  style=\"text-align: center;\"  ><\/p><\/div><\/div>\n\n<div class=\"group sec-45 fade-up\"><h2>Externe Dienstleister &amp; Services<\/h2><div class=\"columns\"><div class=\"columns__item\"><p class=\"h5\" style=\"\"  >Catering-Leistung<\/p><ul    >\n<li>Halbpension oder Pension Sandra MARTIN : <a href=\"https:\/\/www.chefadomicile-haute-savoie.com\/\" target=\"_blank\" rel=\"noreferrer noopener\">Siehe Website<\/a><\/li>\n<\/ul><p class=\"h5\" style=\"\"  >Restaurants &#8211; Ausgehen<\/p><ul    >\n<li>Panoramic 1800: auf dem Gipfel des Floria-Sessellifts.\nF\u00fcr Nicht-Skifahrer besteht die M\u00f6glichkeit, den Sessellift zu Fu\u00df zu erreichen. <\/li>\n\n<li>Le Chamois: am Fu\u00dfe des Outalays-Teppichs: <a href=\"https:\/\/www.legrandbornand.com\/restaurant-le-chamois.html\" target=\"_blank\" rel=\"noreferrer noopener\">Siehe Website<\/a><\/li>\n\n<li>L&#8217;alpage Le Chinaillon : <a href=\"https:\/\/hotelalpage.fr\/\" target=\"_blank\" rel=\"noreferrer noopener\">Seite ansehen<\/a><\/li>\n\n<li>La Cr\u00e9maill\u00e8re Le Chinaillon : <a href=\"https:\/\/www.hotel-la-cremaillere.fr\/\" target=\"_blank\" rel=\"noreferrer noopener\">Seite ansehen<\/a><\/li>\n\n<li>La Bouillotte: Le Chinaillon 04 50 27 04 22<\/li>\n\n<li>Le D\u00e9rapage Stimmungsbar und Restaurant Le Chinaillon 04 50 27 05 30 : <a href=\"https:\/\/www.facebook.com\/lederapage74450\/\" target=\"_blank\" rel=\"noreferrer noopener\">Siehe Website<\/a><\/li>\n\n<li>Green Monkey pub Le Chinaillon 04 50 69 76 55 L&#8217;Optraken : Restaurant- pub : <a href=\"https:\/\/www.legrandbornand.com\/bar-pizzeria-l-optraken-1300.html\" target=\"_blank\" rel=\"noreferrer noopener\">Siehe die Website<\/a><\/li>\n<\/ul><p class=\"h5\" style=\"\"  >Mieten Sie Ihre Skier<\/p><ul    >\n<li>R\u00eaves d&#8217;Hiver am Fu\u00dfe des Chatelet-Sessellifts.\nGep\u00e4ckaufbewahrung m\u00f6glich, Vorzugstarife: <a href=\"https:\/\/www.revesdhiver.com\/\" target=\"_blank\" rel=\"noreferrer noopener\">Siehe Website<\/a> <\/li>\n<\/ul><p class=\"h5\" style=\"\"  >Massagen<\/p><ul    >\n<li>Entspannungsmassage zu Hause mit Ivana Gacic Lambersens : <a href=\"https:\/\/sensharmonie.com\/\" target=\"_blank\" rel=\"noreferrer noopener\">Siehe Website<\/a><\/li>\n\n<li>SPA-Bereich im Hotel des Cimes in Le Chinaillon: <a href=\"https:\/\/www.hotel-les-cimes.com\/fr\/\" target=\"_blank\" rel=\"noreferrer noopener\">Website ansehen<\/a><\/li>\n<\/ul><\/div><div class=\"columns__item\"><p class=\"h5\" style=\"\"  >Rennen<\/p><ul    >\n<li>Supermarkt VIVAL Chinaillon, ganzj\u00e4hrig ge\u00f6ffnet, Brotverkauf: 7030 route de la Floria, 04 50 66 13 87<\/li>\n\n<li>Supermarkt Sherpa Chinaillon, Sommer und Winter, Hauslieferung m\u00f6glich: <a href=\"https:\/\/www.sherpa.net\/magasins\/grand-bornand-le-chinaillon\" target=\"_blank\" rel=\"noreferrer noopener\">Siehe Website<\/a><\/li>\n\n<li>Intermarch\u00e9 Super Les Villards sur Th\u00f4nes (20 Minuten mit dem Auto) Drive-M\u00f6glichkeiten<\/li>\n\n<li>Markt in Le Grand Bornand am Mittwochmorgen das ganze Jahr \u00fcber und am Sonntagmorgen in Le Chinaillon im Juli und August.<\/li>\n<\/ul><p class=\"h5\" style=\"\"  >Kostenloser Bus im Sommer und Winter<\/p><ul    >\n<li>Die Linie A bringt Sie nach Le Grand Bornand.<\/li>\n\n<li>Im Winter biegen die Linien B und C in Chinaillon ab und bringen Sie zu den Pisten.<\/li>\n<\/ul><p    ><a href=\"https:\/\/www.aravisbus.fr\/les-horaires\/\" target=\"_blank\" rel=\"noreferrer noopener\"><\/a><a href=\"https:\/\/www.aravisbus.fr\/les-horaires\/\" target=\"_blank\" rel=\"noopener\">Siehe Busfahrplan<\/a><\/p><p class=\"h5\" style=\"\"  >Transfer vom oder zum Flughafen oder Bahnhof<\/p><ul    >\n<li>Garnier Transit International 06 21 71 84 35 contact@garnier-transport.com<\/li>\n<\/ul><\/div><\/div><\/div>","protected":false},"excerpt":{"rendered":"<p>Unsere Dienstleistungen f\u00fcr IhrenAufenthalt in Les Cong\u00e8res Unsere Dienstleistungen Unsere hochwertigen Chalets und Appartements bieten Ihnen ein unvergleichliches Luxuserlebnis. Genie\u00dfen Sie eine au\u00dfergew\u00f6hnliche Umgebung, in der jedes Detail durchdacht wurde, um Ihnen einen unvergesslichen Aufenthalt zu bieten. Auf Ihren Anruf hin beraten wir Sie und beantworten alle Ihre Anfragen an 7 Tagen in der Woche. [&hellip;]<\/p>\n","protected":false},"author":1,"featured_media":0,"parent":0,"menu_order":0,"comment_status":"open","ping_status":"open","template":"","meta":{"_acf_changed":false,"footnotes":""},"acf":[],"_links":{"self":[{"href":"https:\/\/www.les-congeres.com\/de\/wp-json\/wp\/v2\/pages\/1732"}],"collection":[{"href":"https:\/\/www.les-congeres.com\/de\/wp-json\/wp\/v2\/pages"}],"about":[{"href":"https:\/\/www.les-congeres.com\/de\/wp-json\/wp\/v2\/types\/page"}],"author":[{"embeddable":true,"href":"https:\/\/www.les-congeres.com\/de\/wp-json\/wp\/v2\/users\/1"}],"replies":[{"embeddable":true,"href":"https:\/\/www.les-congeres.com\/de\/wp-json\/wp\/v2\/comments?post=1732"}],"version-history":[{"count":6,"href":"https:\/\/www.les-congeres.com\/de\/wp-json\/wp\/v2\/pages\/1732\/revisions"}],"predecessor-version":[{"id":3792,"href":"https:\/\/www.les-congeres.com\/de\/wp-json\/wp\/v2\/pages\/1732\/revisions\/3792"}],"wp:attachment":[{"href":"https:\/\/www.les-congeres.com\/de\/wp-json\/wp\/v2\/media?parent=1732"}],"curies":[{"name":"wp","href":"https:\/\/api.w.org\/{rel}","templated":true}]}}