{"id":1715,"date":"2024-07-25T16:25:14","date_gmt":"2024-07-25T14:25:14","guid":{"rendered":"https:\/\/www.les-congeres.com\/locations-ete-grand-bornand\/"},"modified":"2024-09-16T15:08:59","modified_gmt":"2024-09-16T13:08:59","slug":"locations-ete-grand-bornand","status":"publish","type":"page","link":"https:\/\/www.les-congeres.com\/de\/locations-ete-grand-bornand\/","title":{"rendered":"Ferienh\u00e4user Sommer Grand Bornand"},"content":{"rendered":"<div class=\"diaporama-header align-full\"><div class=\"fc-galerie\"><figure class=\"fc-galerie__item\" ><picture><source srcset=\"https:\/\/www.les-congeres.com\/wp-content\/uploads\/2024\/07\/vue-du-balcon-420x231.jpg\" media=\"(max-width: 210px)\"><source srcset=\"https:\/\/www.les-congeres.com\/wp-content\/uploads\/2024\/07\/vue-du-balcon-768x422.jpg\" media=\"(max-width: 421px)\"><source srcset=\"https:\/\/www.les-congeres.com\/wp-content\/uploads\/2024\/07\/vue-du-balcon-1024x562.jpg\" media=\"(max-width: 1024px)\"><source srcset=\"https:\/\/www.les-congeres.com\/wp-content\/uploads\/2024\/07\/vue-du-balcon.jpg\" media=\"(min-width: 1025px)\"><img loading=\"lazy\" decoding=\"async\" width=\"420\" height=\"210\" src=\"https:\/\/www.les-congeres.com\/wp-content\/uploads\/2024\/07\/vue-du-balcon-210x210.jpg\" alt=\"Les Cong\u00e8res \"><\/picture><\/figure><\/div><div class=\"diaporama-header__inner\"><div class=\"columns\"><div class=\"columns__item\"><h1>Ferienh\u00e4user Sommer <span class=\"fc-span\">Grand Bornand<\/span><\/h1><\/div><div class=\"columns__item\"><div class=\"fc-galerie\"><figure class=\"fc-galerie__item\" ><picture><source srcset=\"https:\/\/www.les-congeres.com\/wp-content\/uploads\/2024\/08\/grand-bornand-1.png\" media=\"(max-width: 210px)\"><source srcset=\"https:\/\/www.les-congeres.com\/wp-content\/uploads\/2024\/08\/grand-bornand-1.png\" media=\"(max-width: 421px)\"><source srcset=\"https:\/\/www.les-congeres.com\/wp-content\/uploads\/2024\/08\/grand-bornand-1.png\" media=\"(max-width: 1024px)\"><source srcset=\"https:\/\/www.les-congeres.com\/wp-content\/uploads\/2024\/08\/grand-bornand-1.png\" media=\"(min-width: 1025px)\"><img decoding=\"async\" width=\"420\" height=\"210\" src=\"https:\/\/www.les-congeres.com\/wp-content\/uploads\/2024\/08\/grand-bornand-1-210x179.png\" alt=\"Les Cong\u00e8res \" loading=\"lazy\"><\/picture><\/figure><figure class=\"fc-galerie__item\" ><picture><source srcset=\"https:\/\/www.les-congeres.com\/wp-content\/uploads\/2024\/08\/img-sommaire-352-855-1021-cutout-1-420x96.png\" media=\"(max-width: 210px)\"><source srcset=\"https:\/\/www.les-congeres.com\/wp-content\/uploads\/2024\/08\/img-sommaire-352-855-1021-cutout-1.png\" media=\"(max-width: 421px)\"><source srcset=\"https:\/\/www.les-congeres.com\/wp-content\/uploads\/2024\/08\/img-sommaire-352-855-1021-cutout-1.png\" media=\"(max-width: 1024px)\"><source srcset=\"https:\/\/www.les-congeres.com\/wp-content\/uploads\/2024\/08\/img-sommaire-352-855-1021-cutout-1.png\" media=\"(min-width: 1025px)\"><img decoding=\"async\" width=\"420\" height=\"210\" src=\"https:\/\/www.les-congeres.com\/wp-content\/uploads\/2024\/08\/img-sommaire-352-855-1021-cutout-1-210x119.png\" alt=\"Les Cong\u00e8res \" loading=\"lazy\"><\/picture><\/figure><\/div><\/div><\/div><\/div><\/div>\n\n<div class=\"group sec-30 align-full\" style=\"background-color:var(--bleu-clair);\"><p class=\"h2\" style=\"\"  >Machen Sie Urlaub in Hochsavoyen in einer idyllischen Umgebung.<\/p><p    ><strong>Le Grand-Bornand<\/strong> ist ein ideales Urlaubsziel f\u00fcr den Sommer.\nDie Gemeinde liegt in der Haute-Savoie auf 952 m H\u00f6he und hat viele Vorteile f\u00fcr einen gelungenen Sommerurlaub.\nLe Grand-Bornand ist ein wahrer Spielplatz unter freiem Himmel und bietet eine au\u00dfergew\u00f6hnliche Natur, in der Sie eine Vielzahl von Aktivit\u00e4ten im Freien aus\u00fcben k\u00f6nnen.\nAu\u00dferdem l\u00e4dt dieses authentische Bergdorf, das im Herzen des <strong>Aravis-Massivs<\/strong> liegt, zur Entspannung und zum Genuss der lokalen Gastronomie, insbesondere des k\u00f6stlichen Reblochon, ein.\nSind Sie bereit f\u00fcr einen Urlaub voller Abwechslung, Aktivit\u00e4t und Gaumenfreuden?\nHier sind unsere Tipps f\u00fcr einen tollen Urlaub in Ihrem <strong>Sommerhaus in Le Grand-Bornand<\/strong>.     <br><\/p><figure class=\"fade-up\"><picture><source srcset=\"https:\/\/www.les-congeres.com\/wp-content\/uploads\/2024\/07\/balcon-grand-bornand-location-appartement-lux3-420x231.jpg\" media=\"(max-width: 210px)\"><source srcset=\"https:\/\/www.les-congeres.com\/wp-content\/uploads\/2024\/07\/balcon-grand-bornand-location-appartement-lux3-768x422.jpg\" media=\"(max-width: 421px)\"><source srcset=\"https:\/\/www.les-congeres.com\/wp-content\/uploads\/2024\/07\/balcon-grand-bornand-location-appartement-lux3-1024x562.jpg\" media=\"(max-width: 1024px)\"><source srcset=\"https:\/\/www.les-congeres.com\/wp-content\/uploads\/2024\/07\/balcon-grand-bornand-location-appartement-lux3.jpg\" media=\"(min-width: 1025px)\"><img decoding=\"async\" style=\"object-fit:cover;\" width=\"420\" height=\"210\" src=\"https:\/\/www.les-congeres.com\/wp-content\/uploads\/2024\/07\/balcon-grand-bornand-location-appartement-lux3-210x210.jpg\" alt=\"Les Cong\u00e8res \" loading=\"lazy\"><\/picture><\/figure><\/div>\n\n<div class=\"columns sec-35\" style=\"align-items:center;\"><div class=\"columns__item sec-35__texte fade-up\" style=\"align-self:center;\"><h2 class=\"h3\">Le Grand-Bornand im Sommer: ein authentisches Dorf mit vielen Aktivit\u00e4ten<\/h2><p    >Die <strong>Gemeinde Le Grand Bornand<\/strong> liegt in der Haute-Savoie, im Herzen des Aravis-Massivs und in der N\u00e4he des Sees von Annecy.\nLe Grand-Bornand ist mit dem Label <strong>Famille Plus Montagne<\/strong> f\u00fcr sein besonderes touristisches Angebot ausgezeichnet und zeigt sich mit seinen Naturlandschaften, seinen Festen und Sommerm\u00e4rkten (Designermarkt und Sommermarkt von Anfang Juli bis Ende August). <\/p><h3 class=\"h5\">Skilifte&#8230; auch im Sommer!<\/h3><p    >Vom Dorf Le Grand Bornand aus sind die Rosay-Gondelbahn und der Lachat-Sessellift in der <strong>Sommersaison<\/strong> f\u00fcr Fu\u00dfg\u00e4nger, Mountainbiker (nur an der Rosay-Gondelbahn) und Gleitschirmflieger zug\u00e4nglich.\nSie haben die Gelegenheit, mehrere hundert Kilometer markierte Wanderwege und ebenso viele Kilometer Mountainbike-Routen zu nutzen.\nNicht zu vergessen sind die au\u00dfergew\u00f6hnlichen 360\u00b0-Panoramen auf die Aravis-Kette, den Gipfel des Mont Blanc oder auch auf den Jura.  <\/p><div class=\"fc-lireplus fc-desk\"style=\"\"><p  style=\"\"  >Lesen Sie mehr<\/p><div class=\"group\"><h3 class=\"h5\">Mit den F\u00fc\u00dfen im Wasser in den Bergen<\/h3><p    >W\u00e4hrend Ihres <strong>Aufenthaltes in einer Ferienunterkunft in Le Grand Bornand im Sommer<\/strong> k\u00f6nnen Sie eine Fl\u00e4che von 12.500 m\u00b2 nutzen, die ganz den Wasserfreuden gewidmet ist.\nNutzen Sie die vielf\u00e4ltigen Einrichtungen in diesem Wassersportbereich im Zentrum des Dorfes (Wassergymnastik, Aquabike, Schwimmunterricht oder Entspannung im Pool mit Sprudelb\u00e4nken). <\/p><\/div><\/div><\/div><div class=\"columns__item fade-down\" style=\"align-self:center;\"><figure><picture><source srcset=\"https:\/\/www.les-congeres.com\/wp-content\/uploads\/2024\/08\/AdobeStock_478775626-1-420x315.jpeg\" media=\"(max-width: 210px)\"><source srcset=\"https:\/\/www.les-congeres.com\/wp-content\/uploads\/2024\/08\/AdobeStock_478775626-1-768x576.jpeg\" media=\"(max-width: 421px)\"><source srcset=\"https:\/\/www.les-congeres.com\/wp-content\/uploads\/2024\/08\/AdobeStock_478775626-1-1024x768.jpeg\" media=\"(max-width: 1024px)\"><source srcset=\"https:\/\/www.les-congeres.com\/wp-content\/uploads\/2024\/08\/AdobeStock_478775626-1.jpeg\" media=\"(min-width: 1025px)\"><img decoding=\"async\" width=\"420\" height=\"210\" src=\"https:\/\/www.les-congeres.com\/wp-content\/uploads\/2024\/08\/AdobeStock_478775626-1-210x210.jpeg\" alt=\"Les Cong\u00e8res Alpe de Villar d&#039;Arene huts in Ecrins national park, french alps\" loading=\"lazy\"><\/picture><\/figure><\/div><\/div>\n\n<div class=\"group sec-45 fade-up\"><p class=\"h2\" style=\"\"  >Reiseziele, die Sie nicht verpassen sollten&#8230;<\/p><div class=\"columns\"><div class=\"columns__item\"><h3 class=\"h5\">Das Haus des Kulturerbes: Zeuge des Know-hows und der Traditionen von Le Grand Bornand<\/h3><p    >Das Maison du Patrimoine (Haus des Kulturerbes) befindet sich in der Route de la Patinoire in Le Grand Bornand und ist jeden Samstag Nachmittag zur freien Besichtigung ge\u00f6ffnet.\nIn einem authentischen traditionellen Wohnhaus k\u00f6nnen Sie in das Leben der fr\u00fcheren Bewohner eintauchen, als die Landwirtschaft und die Jahreszeiten den Rhythmus des Alltags bestimmten.\nEntdecken Sie auch die typische Architektur der Aravis und der traditionellen H\u00e4user von Grand Bornand.  <\/p><h3 class=\"h5\">Der Wald von Dodes und der Klettersteig f\u00fcr Nervenkitzel in Haute Savoie<\/h3><p    >Wenn Sie mit der ganzen Familie Spa\u00df haben m\u00f6chten, sollten Sie den Abenteuerparcours La For\u00eat des Dodes in der N\u00e4he des Maison du Patrimoine besuchen.\nDieser Freizeitpark bietet mehr als 80 Aktivit\u00e4ten in den B\u00e4umen (Seilrutschen, Seilfahrrad, Nepalstege, Sprung aus 14 m H\u00f6he, Kletterwand, usw.).\nDie verschiedenfarbigen Parcours, gr\u00fcn und blau f\u00fcr Kinder mit durchgehender Lebenslinie, bieten allen einen sicheren Spa\u00df.\nWenn Sie die Freuden der Via Ferrata wiederentdecken m\u00f6chten, besuchen Sie die Via Ferrata de la Tour du Jallouvre.\nMit einer L\u00e4nge von 1100 Metern und einer Dauer von 5 bis 6 Stunden ist dieser Klettersteig nur f\u00fcr Fortgeschrittene geeignet.    <\/p><\/div><div class=\"columns__item\"><h3 class=\"h5\">Freizeitaktivit\u00e4ten f\u00fcr die ganze Familie in Le Grand Bornand<\/h3><p    >In einer au\u00dfergew\u00f6hnlichen Umgebung k\u00f6nnen Sie den Golfplatz Rocher Blanc mit Blick auf das Aravis-Massiv ausprobieren, auf dem Freizeitgel\u00e4nde eine Partie Tennis spielen oder die pr\u00e4chtige Landschaft von Le Grand Bornand bei einer Wanderung oder einer Mountainbike-Tour erkunden.<\/p><h3 class=\"h5\">Die Sommerveranstaltungen in Le Grand Bornand<\/h3><p    >Das Bergfest mit seinem savoyischen Essen, die Feier des Nationalfeiertags mit Feuerwerk, Konzerten, Lottoabenden, dem Markt der Kunsthandwerker, dem Besuch einer K\u00e4sefarm oder dem Fest am Lac de la Cour mit einer Fackelabfahrt sind gesellige und festliche Momente, die Sie w\u00e4hrend eines Sommerurlaubs in Le Grand Bornand erleben k\u00f6nnen.<\/p><\/div><\/div><\/div>\n\n<div class=\"columns sec-10 has-bleu-clair-background-color has-background align-full\" style=\"align-items:center;background-color:var(--bleu-clair);\"><div class=\"columns__item sec-10--gal\" style=\"align-self:center;\" data-fc=\"\"><div class=\"fc-galerie\"><figure class=\"fc-galerie__item fade-down\" ><picture><source srcset=\"https:\/\/www.les-congeres.com\/wp-content\/uploads\/2024\/08\/AdobeStock_656761090-315x420.jpeg\" media=\"(max-width: 210px)\"><source srcset=\"https:\/\/www.les-congeres.com\/wp-content\/uploads\/2024\/08\/AdobeStock_656761090-768x1024.jpeg\" media=\"(max-width: 421px)\"><source srcset=\"https:\/\/www.les-congeres.com\/wp-content\/uploads\/2024\/08\/AdobeStock_656761090-768x1024.jpeg\" media=\"(max-width: 1024px)\"><source srcset=\"https:\/\/www.les-congeres.com\/wp-content\/uploads\/2024\/08\/AdobeStock_656761090.jpeg\" media=\"(min-width: 1025px)\"><img decoding=\"async\" width=\"420\" height=\"210\" src=\"https:\/\/www.les-congeres.com\/wp-content\/uploads\/2024\/08\/AdobeStock_656761090-210x210.jpeg\" alt=\"Les Cong\u00e8res Cheese collection, French reblochon de savoie gratin cow milk cheese served outdoor in sunny day with view on green meadows and snowy tops of French Als mountains\" loading=\"lazy\"><\/picture><\/figure><figure class=\"fc-galerie__item fade-up\" ><picture><source srcset=\"https:\/\/www.les-congeres.com\/wp-content\/uploads\/2024\/08\/AdobeStock_64138799-315x420.jpeg\" media=\"(max-width: 210px)\"><source srcset=\"https:\/\/www.les-congeres.com\/wp-content\/uploads\/2024\/08\/AdobeStock_64138799-768x1024.jpeg\" media=\"(max-width: 421px)\"><source srcset=\"https:\/\/www.les-congeres.com\/wp-content\/uploads\/2024\/08\/AdobeStock_64138799-768x1024.jpeg\" media=\"(max-width: 1024px)\"><source srcset=\"https:\/\/www.les-congeres.com\/wp-content\/uploads\/2024\/08\/AdobeStock_64138799.jpeg\" media=\"(min-width: 1025px)\"><img decoding=\"async\" width=\"420\" height=\"210\" src=\"https:\/\/www.les-congeres.com\/wp-content\/uploads\/2024\/08\/AdobeStock_64138799-210x210.jpeg\" alt=\"Les Cong\u00e8res Sweet brioche bread on tray with knife and marmalade\" loading=\"lazy\"><\/picture><\/figure><\/div><\/div><div class=\"columns__item\" style=\"align-self:center;\"><p class=\"h3\" style=\"\"  >Entdecken Sie auch&#8230;<\/p><h3 class=\"h5\">Kulinarische Spezialit\u00e4ten, die Sie sich nicht entgehen lassen sollten<\/h3><p    >Es w\u00e4re schade, einen Urlaub in Le Grand Bornand zu verbringen, ohne die lokale Gastronomie zu probieren.\nWussten Sie, dass es in Le Grand Bornand genauso viele K\u00fche wie Einwohner gibt?\nEs sind fast 2.000!\nIn der Tat hat die Gemeinde ihre landwirtschaftliche Aktivit\u00e4t mit mehr als 40 noch aktiven Bauernh\u00f6fen bewahrt.   <\/p><p    >Einige \u00f6ffnen ihre T\u00fcren, um Ihnen einen Einblick in die Herstellung des Reblochon fermier mit dem G\u00fctesiegel AOP zu geben.\nGenie\u00dfen Sie auch den Bescoin, ein k\u00f6stliches Brioche mit Anis- und Safranaroma, das mit einem Honig aus den Alpen serviert wird, ein reiner Genuss!\nDer Markt in Le Grand Bornand, der in der Sommersaison jeden Mittwochmorgen stattfindet, bietet Ihnen die M\u00f6glichkeit, die lokalen Erzeuger in einer farbenfrohen und freundlichen Atmosph\u00e4re zu treffen.  <\/p><div class=\"fc-boutons display-flex \" style=\"justify-content:right;\"><span class=\"boutons__btn is-style-resa\">Siehe die Verf\u00fcgbarkeit<\/span><\/div><\/div><\/div>\n\n<div class=\"group sec-45 fade-up\"><h2 class=\"h2\">Les Cong\u00e8res bietet Ihnen tolle Sommerferienh\u00e4user in Le Grand-Bornand.<\/h2><p    >Um einen <strong>traumhaften Aufenthalt in Le Grand Bornand<\/strong> zu verbringen, entdecken Sie die verschiedenen Ferienunterk\u00fcnfte, die unser Familienbetrieb Les Cong\u00e8res anbietet.\nUnsere luxuri\u00f6sen Unterk\u00fcnfte sind idyllisch gelegen und befinden sich in der N\u00e4he der Gesch\u00e4fte des Dorfes und der Wanderwege.\nW\u00e4hrend Ihres Aufenthaltes k\u00f6nnen Sie Ihr Auto bei Ihrer Wohnung oder Ihrem Chalet abstellen und die unber\u00fchrte Natur in Reichweite genie\u00dfen.\nAlle unsere Unterk\u00fcnfte, die Authentizit\u00e4t und Modernit\u00e4t verbinden, bieten optimalen Komfort und sind besonders gut ausgestattet: ger\u00e4umige und helle Zimmer, S\u00fcdterrassen mit atemberaubender Aussicht, kostenloses Wifi, Gro\u00dfbildfernseher, gro\u00dfe Badezimmer, etc.   <\/p><div class=\"columns\"><div class=\"columns__item\"><h3 class=\"h4\">Die Appartements von Le Grand Bornand, ein traumhaftes pied-\u00e0-terre f\u00fcr die ganze Familie<\/h3><p   id=\"165\" >Unsere <a href=\"https:\/\/www.les-congeres.com\/de\/unsere-unterkunfte\/\" target=\"_blank\" data-type=\"page\" data-id=\"165\" rel=\"noreferrer noopener\">Ferienwohnungen in Le Grand-Bornand<\/a> bieten Platz f\u00fcr bis zu 16 Personen und haben eine Wohnfl\u00e4che von 35 m\u00b2 bis 96 m\u00b2, je nach Ihren Bed\u00fcrfnissen.\nWenn Sie sich f\u00fcr eines unserer <strong>Sommerh\u00e4user in Le Grand-Bornand<\/strong> entscheiden, werden Sie einen unvergesslichen Urlaub in der Haute-Savoie verbringen.\nGenie\u00dfen Sie den Komfort dieser Wohnungen, die \u00fcber ein ger\u00e4umiges und helles Wohnzimmer, ein Badezimmer mit begehbarer Dusche, eine offene und ausgestattete K\u00fcche und eine Terrasse oder einen Balkon mit Aussicht verf\u00fcgen.\nDas luxuri\u00f6se Apartment Praline ist ideal f\u00fcr gro\u00dfe Familien, die einen Aufenthalt mit 100% Komfort w\u00fcnschen.\nDiese beiden Wohnungen, die miteinander verbunden werden k\u00f6nnen, bieten eine Wohnfl\u00e4che von 190 m\u00b2 mit einem Entspannungsbereich (Sauna, Hydromassagedusche, Gro\u00dfbildfernseher, usw.).\nAlle Wohnungen haben Zugang zum Freizeitbereich im Freien mit Schaukeln, Bouleplatz, Rutsche und Grill.     <\/p><\/div><div class=\"columns__item\"><h3 class=\"h4\">Die Chalets der Cong\u00e8res du Grand Bornand, zwischen Luxus und Authentizit\u00e4t<\/h3><p   id=\"153\" >Les Cong\u00e8res bietet Ihnen acht Holzchalets in typisch savoyischer Architektur.\nMit einer Wohnfl\u00e4che von 125 m\u00b2 bis 280 m\u00b2 (f\u00fcr bis zu 16 Personen) finden Sie <a href=\"https:\/\/www.les-congeres.com\/de\/nos-chalets\/chalet-meringue\/\" target=\"_blank\" data-type=\"chalet\" data-id=\"153\" rel=\"noreferrer noopener\">in Le Grand Bornand<\/a> garantiert das <a href=\"https:\/\/www.les-congeres.com\/de\/nos-chalets\/chalet-meringue\/\" target=\"_blank\" data-type=\"chalet\" data-id=\"153\" rel=\"noreferrer noopener\">Chalet Ihrer Tr\u00e4ume<\/a>! Einige dieser 5-Sterne-Luxusunterk\u00fcnfte verf\u00fcgen \u00fcber ein Hallenbad, eine Sauna und einen Whirlpool, so dass Sie w\u00e4hrend Ihres Aufenthalts in der Haute-Savoie viele sch\u00f6ne Momente erleben werden.\nKinder erleben in den Chalets Les Cong\u00e8res einen paradiesischen Urlaub.\nDie Spielpl\u00e4tze im Innen- und Au\u00dfenbereich (Konsole, Fernseher, Gesellschaftsspiele, Rutschen, usw.) sorgen daf\u00fcr, dass die Kleinen und die Gro\u00dfen sich zwischen den Erkundungen der Region vergn\u00fcgen k\u00f6nnen.\nAu\u00dferdem l\u00e4dt jede Terrasse dazu ein, die friedliche und erhabene Umgebung von Le Grand Bornand zu betrachten und unvergessliche Sonnenaufg\u00e4nge und -unterg\u00e4nge zu erleben.    <\/p><p   id=\"167\" >Hier finden Sie alle unsere Tipps f\u00fcr einen gelungenen Aufenthalt in einem <a href=\"https:\/\/www.les-congeres.com\/de\/locations-ete-haute-savoie\/\" target=\"_blank\" data-type=\"page\" data-id=\"167\" rel=\"noreferrer noopener\">Sommerhaus in Haute-Savoie<\/a>.<\/p><\/div><\/div><\/div>","protected":false},"excerpt":{"rendered":"<p>Ferienh\u00e4user Sommer Grand Bornand Machen Sie Urlaub in Hochsavoyen in einer idyllischen Umgebung. Le Grand-Bornand ist ein ideales Urlaubsziel f\u00fcr den Sommer. Die Gemeinde liegt in der Haute-Savoie auf 952 m H\u00f6he und hat viele Vorteile f\u00fcr einen gelungenen Sommerurlaub. Le Grand-Bornand ist ein wahrer Spielplatz unter freiem Himmel und bietet eine au\u00dfergew\u00f6hnliche Natur, in [&hellip;]<\/p>\n","protected":false},"author":1,"featured_media":0,"parent":0,"menu_order":0,"comment_status":"open","ping_status":"open","template":"","meta":{"_acf_changed":false,"footnotes":""},"acf":[],"_links":{"self":[{"href":"https:\/\/www.les-congeres.com\/de\/wp-json\/wp\/v2\/pages\/1715"}],"collection":[{"href":"https:\/\/www.les-congeres.com\/de\/wp-json\/wp\/v2\/pages"}],"about":[{"href":"https:\/\/www.les-congeres.com\/de\/wp-json\/wp\/v2\/types\/page"}],"author":[{"embeddable":true,"href":"https:\/\/www.les-congeres.com\/de\/wp-json\/wp\/v2\/users\/1"}],"replies":[{"embeddable":true,"href":"https:\/\/www.les-congeres.com\/de\/wp-json\/wp\/v2\/comments?post=1715"}],"version-history":[{"count":4,"href":"https:\/\/www.les-congeres.com\/de\/wp-json\/wp\/v2\/pages\/1715\/revisions"}],"predecessor-version":[{"id":1988,"href":"https:\/\/www.les-congeres.com\/de\/wp-json\/wp\/v2\/pages\/1715\/revisions\/1988"}],"wp:attachment":[{"href":"https:\/\/www.les-congeres.com\/de\/wp-json\/wp\/v2\/media?parent=1715"}],"curies":[{"name":"wp","href":"https:\/\/api.w.org\/{rel}","templated":true}]}}